{"id":4196,"date":"2025-05-12T10:36:54","date_gmt":"2025-05-12T08:36:54","guid":{"rendered":"https:\/\/capleni.ro\/?page_id=4196"},"modified":"2026-02-19T09:38:39","modified_gmt":"2026-02-19T07:38:39","slug":"regulamente","status":"publish","type":"page","link":"https:\/\/capleni.ro\/?page_id=4196","title":{"rendered":"Regulamentele privind proceduriile administrative"},"content":{"rendered":"<p><a href=\"https:\/\/capleni.ro\/wp-content\/uploads\/2025\/05\/hot-17-Anexa-7-Contract-acordare-sprijin-financiar-culte.pdf\" target=\"_blank\" rel=\"noopener\">Anexa Nr. 7 la hot\u0103r\u00e2rea Nr.17\/2025<\/a><\/p>\n<p><a href=\"https:\/\/capleni.ro\/wp-content\/uploads\/2025\/05\/hot-17-Anexa-6-Proces-verbal-receptie-lucrari-culte.pdf\" target=\"_blank\" rel=\"noopener\">Anexa Nr. 6 la hot\u0103r\u00e2rea Nr.17\/2025<\/a><\/p>\n<p><a href=\"https:\/\/capleni.ro\/wp-content\/uploads\/2025\/05\/hot-17-Anexa-5-Centralizator-doc-justificative-sprijin-financiar-culte.pdf\" target=\"_blank\" rel=\"noopener\">Anexa Nr. 5 la hot\u0103r\u00e2rea Nr.17\/2025<\/a><\/p>\n<p><a href=\"https:\/\/capleni.ro\/wp-content\/uploads\/2025\/05\/hot-17-Anexa-4-Raport-narativ-justificare-cheltuieli-sprijin-financiar-culte.pdf\" target=\"_blank\" rel=\"noopener\">Anexa Nr. 4 la hot\u0103r\u00e2rea Nr.17\/2025<\/a><\/p>\n<p><a href=\"https:\/\/capleni.ro\/wp-content\/uploads\/2025\/05\/hot-17-Anexa-3-Adresa-de-inaintare-doc-justificative-sprijin-financiar-culte.pdf\" target=\"_blank\" rel=\"noopener\">Anexa Nr. 3 la hot\u0103r\u00e2rea Nr.17\/2025<\/a><\/p>\n<p><a href=\"https:\/\/capleni.ro\/wp-content\/uploads\/2025\/05\/hot-17-Anexa-2-Declaratie-pe-propria-raspundere-sprijin-financiar-culte.pdf\" target=\"_blank\" rel=\"noopener\">Anexa Nr. 2 la hot\u0103r\u00e2rea Nr.17\/2025<\/a><\/p>\n<p><a href=\"https:\/\/capleni.ro\/wp-content\/uploads\/2025\/05\/hot-17-Anexa-1-Cerere-de-acordare-sprijin-financiar-culte.pdf\" target=\"_blank\" rel=\"noopener\">Anexa Nr. 1 la hot\u0103r\u00e2rea Nr.17\/2025<\/a><\/p>\n<p><a href=\"https:\/\/capleni.ro\/wp-content\/uploads\/2025\/05\/hot-17-regulament-culte-2.pdf\" target=\"_blank\" rel=\"noopener\">Hot\u0103r\u00e2re Nr.17\/2025 privind aprobarea Regulamentului de acordare a sprijinului financiar de la Bugetul Local al\u00a0 Comunei C\u0103pleni unit\u0103\u0163ilor de cult din Comuna C\u0103pleni apar\u0163in\u00e2nd cultelor religioase<\/a><\/p>\n<p><a href=\"https:\/\/capleni.ro\/wp-content\/uploads\/2025\/05\/hot-7-Regulament-CL_Anexa.pdf\" target=\"_blank\" rel=\"noopener\">Anexa la Nr. 7\/2025<\/a><\/p>\n<p><a href=\"https:\/\/capleni.ro\/wp-content\/uploads\/2025\/05\/hot-7-Regulament-CL.pdf\" target=\"_blank\" rel=\"noopener\">Hot\u0103r\u00e2re Nr.7\/2025 pentru aprobarea \u00a0Regulamentului de Organizare \u015fi Func\u0163ionare al Consiliului Local al comunei C\u0103pleni<\/a><\/p>\n<p class=\"Default\" style=\"text-align: left;\" align=\"right\"><a href=\"https:\/\/capleni.ro\/wp-content\/uploads\/2025\/05\/hot-9-regulament-decont-transport-anexa.pdf\" target=\"_blank\" rel=\"noopener\"><span lang=\"RO\" style=\"font-size: 11.5pt;\">Anexa la Nr.9\/2024<\/span><\/a><\/p>\n<p><a href=\"https:\/\/capleni.ro\/wp-content\/uploads\/2025\/05\/hot-9-regulament-decont-transport.pdf\" target=\"_blank\" rel=\"noopener\">Hot\u0103r\u00e2re Nr.9\/2024 privind aprobarea regulamentului pentru decontarea cheltuielilor cu naveta pentru func\u021bionarii publici din cadrul aparatului de specialitate al Primarului comunei C\u0103pleni<\/a><\/p>\n<p><a href=\"https:\/\/capleni.ro\/wp-content\/uploads\/2025\/05\/hot-39-regulament-acord-administrator-drum.pdf\" target=\"_blank\" rel=\"noopener\">Hot\u0103r\u00e2re Nr.39\/2023 pentru aprobarea Regulamentului privind eliberarea acordului administratorului drumului necesar lucr\u0103rilor de bran\u0219amente \u0219i racorduri executate pe domeniul public al comunei C\u0103pleni<\/a><\/p>\n<p><a href=\"https:\/\/capleni.ro\/wp-content\/uploads\/2025\/05\/hot-55-anexa-REGULAMENT-2021.pdf\" target=\"_blank\" rel=\"noopener\">Anexa la hot\u0103r\u00e2rea Nr.55\/2021<\/a><\/p>\n<p><a href=\"https:\/\/capleni.ro\/wp-content\/uploads\/2025\/05\/hot-55-Regulament-CL.pdf\" target=\"_blank\" rel=\"noopener\">Hot\u0103r\u00e2re Nr.55\/2021 pentru aprobarea \u00a0Regulamentului de Organizare \u015fi Func\u0163ionare a Consiliului Local al comunei C\u0103pleni<\/a><\/p>\n<p><a href=\"https:\/\/capleni.ro\/wp-content\/uploads\/2025\/05\/hot-20-completare-HCL-7-din2018-regulament-CULTE-doc.pdf\" target=\"_blank\" rel=\"noopener\">Hot\u0103r\u00e2re Nr.20\/2021 pentru modificarea HCL Nr.7\/2018\u00a0<\/a><\/p>\n<p><a href=\"https:\/\/capleni.ro\/wp-content\/uploads\/2025\/05\/hot-28-regulament-pt-conferirea-unori-titluri.pdf\" target=\"_blank\" rel=\"noopener\">Hot\u0103r\u00e2re Nr.28\/2020 privind aprobarea Regulamentului pentru conferirea unor titluri, medalii, diplome \u0219i distinc\u0163ii unor personalit\u0103\u0163i cu merite deosebite<\/a><\/p>\n<p><a href=\"https:\/\/capleni.ro\/wp-content\/uploads\/2025\/05\/hot-7-ROF-2020.pdf\" target=\"_blank\" rel=\"noopener\">Hot\u0103r\u00e2re Nr.7\/2020 privind aprobarea Regulamentului de Organizare \u0219i Func\u021bionare al Aparatului de specialitate al primarului comunei C\u0103pleni<\/a><\/p>\n<p><a href=\"https:\/\/capleni.ro\/wp-content\/uploads\/2025\/05\/hot-22-regulament-Compartiment-de-asistenta-sociala-1.pdf\" target=\"_blank\" rel=\"noopener\">Hot\u0103r\u00e2re Nr.22\/2019 privind aprobarea Regulamentului de organizare si functionare a compartimentului de asisten\u021b\u0103 social\u0103 \u0219i autoritate tutelar\u0103<\/a><\/p>\n<p><a href=\"https:\/\/capleni.ro\/wp-content\/uploads\/2025\/05\/hot-17-legitimatie-handicap.pdf\" target=\"_blank\" rel=\"noopener\">Hot\u0103r\u00e2re Nr.17\/2019 privind aprobarea Regulamentului pentru eliberarea cardului &#8211; legitima\u0163ie de parcare gratuit\u0103 pentru persoanele cu handicap<\/a><\/p>\n<p><a href=\"https:\/\/capleni.ro\/wp-content\/uploads\/2025\/05\/hot-19-2018-regulament-tichete.pdf\" target=\"_blank\" rel=\"noopener\">Hot\u0103r\u00e2re Nr.19\/2018 privind aprobarea Regulamentului Intern privind acordarea voucherelor de vacan\u021b\u0103<\/a><\/p>\n<p><a href=\"https:\/\/capleni.ro\/wp-content\/uploads\/2025\/05\/hot-8-regulament-NON-PROFIT-doc.pdf\" target=\"_blank\" rel=\"noopener\">Hot\u0103r\u00e2re Nr.8\/2018 aprobarea \u201dRegulamentului privind regimul finantarilor nerambursabile alocate de la bugetul local al Comunei C\u0103pleni pentru activitati nonprofit de interes local\u201d<\/a><\/p>\n<p><a href=\"https:\/\/capleni.ro\/wp-content\/uploads\/2025\/05\/hot-7-regulament-CULTE-doc.pdf\" target=\"_blank\" rel=\"noopener\">Hot\u0103r\u00e2re Nr.7\/2018 privind aprobarea Regulamentului de acordare a sprijinului financiar de la Bugetul Local al\u00a0 Comunei C\u0103pleni unit\u0103\u0163ilor de cult din Comuna C\u0103pleni apar\u0163in\u00e2nd cultelor religioase recunoscute din Rom\u00e2nia<\/a><\/p>\n<p><a href=\"https:\/\/capleni.ro\/wp-content\/uploads\/2025\/05\/hot-42-ROF-anexa.pdf\" target=\"_blank\" rel=\"noopener\">Anexa Nr.1 la Hot\u0103r\u00e2re Nr.42\/2017<\/a><\/p>\n<p><a href=\"https:\/\/capleni.ro\/wp-content\/uploads\/2025\/05\/hot-42-ROF.pdf\" target=\"_blank\" rel=\"noopener\">Hot\u0103r\u00e2re Nr.42\/2017 privind aprobarea Regulamentului de organizare \u015fi func\u0163ionare al aparatului de specialitate al Primarului Comunei C\u0103pleni<\/a><\/p>\n<p><a href=\"https:\/\/capleni.ro\/wp-content\/uploads\/2025\/05\/hot-19-20016-proced-elib-autoriz-de-func-anexa.pdf\" target=\"_blank\" rel=\"noopener\">Anexa la Hot\u0103r\u00e2rea Nr. 19\/2016<\/a><\/p>\n<p><a href=\"https:\/\/capleni.ro\/wp-content\/uploads\/2025\/05\/hot-19-20016-procedura-eliberare-autorizatie-desfasurare-activitati-alimentatie-publica.pdf\" target=\"_blank\" rel=\"noopener\">Hot\u0103r\u00e2re Nr.19\/2016 privind aprobarea regulamentului privind eliberarea avizului program \u015fi a autoriza\u0163iei de func\u0163ionare pentu desf\u0103\u015furarea activit\u0103\u0163ilor comerciale \u00een comuna C\u0103pleni<\/a><\/p>\n<p><a href=\"https:\/\/capleni.ro\/wp-content\/uploads\/2025\/05\/hot-21-2015-Regulament-Autorizare-de-functionare.pdf\" target=\"_blank\" rel=\"noopener\">Hot\u0103r\u00e2re Nr.21\/2015 privind aprobarea Regulamentului privind organizarea \u015fi desf\u0103\u015furarea activit\u0103\u0163ilor comerciale \u015fi a serviciilor de pia\u0163\u0103 pe teritoriul COMUNEI C\u0102PLENI<\/a><\/p>\n<p><a style=\"color: #4db2ec; text-decoration-line: underline;\" href=\"https:\/\/capleni.ro\/wp-content\/uploads\/2025\/05\/hot-4-anexa-03c-anunt-final-Raport.pdf\" target=\"_blank\" rel=\"noopener\">Anexa 03c la Hot\u0103r\u00eere Nr. 4\/2011<\/a><\/p>\n<p><a style=\"color: #4db2ec; text-decoration-line: underline;\" href=\"https:\/\/capleni.ro\/wp-content\/uploads\/2025\/05\/hot-4-anexa-03b-anunt-etapa-propuneri.pdf\" target=\"_blank\" rel=\"noopener\">Anexa 03b la Hot\u0103r\u00eere Nr. 4\/2011\u00a0<\/a><\/p>\n<p><a style=\"color: #4db2ec; text-decoration-line: underline;\" href=\"https:\/\/capleni.ro\/wp-content\/uploads\/2025\/05\/hot-4-anexa-03a-anunt-public-intentie.pdf\" target=\"_blank\" rel=\"noopener\">Anexa 03a la Hot\u0103r\u00eere Nr. 4\/2011<\/a><\/p>\n<p><a style=\"color: #4db2ec; text-decoration-line: underline;\" href=\"https:\/\/capleni.ro\/wp-content\/uploads\/2025\/05\/hot-4-anexa-02-Raportul-informarii-model.pdf\" target=\"_blank\" rel=\"noopener\">Anexa 02 la Hot\u0103r\u00eere Nr. 4\/2011<\/a><\/p>\n<p><a style=\"color: #4db2ec; text-decoration-line: underline;\" href=\"https:\/\/capleni.ro\/wp-content\/uploads\/2025\/05\/hot-4-anexa-01c-Doc-planif-PUD.pdf\" target=\"_blank\" rel=\"noopener\">Anexa 01c la Hot\u0103r\u00eere Nr. 4\/2011<\/a><\/p>\n<p><a href=\"https:\/\/capleni.ro\/wp-content\/uploads\/2025\/05\/hot-4-anexa-01b-Doc-planif-PUZ.pdf\" target=\"_blank\" rel=\"noopener\">Anexa 01b la Hot\u0103r\u00eere Nr. 4\/2011\u00a0<\/a><\/p>\n<p><a style=\"color: #4db2ec; text-decoration-line: underline;\" href=\"https:\/\/capleni.ro\/wp-content\/uploads\/2025\/05\/hot-4-anexa-01a-Doc-planif-PUG.pdf\" target=\"_blank\" rel=\"noopener\">Anexa 01a la Hot\u0103r\u00eere Nr. 4\/2011<\/a><\/p>\n<p><a style=\"color: #4db2ec; text-decoration-line: underline;\" href=\"https:\/\/capleni.ro\/wp-content\/uploads\/2025\/05\/hot-4-anexa-01-Regulament-local-al-com-.pdf\" target=\"_blank\" rel=\"noopener\">Anexa 01 la Hot\u0103r\u00eere Nr. 4\/2011<\/a><\/p>\n<p><a href=\"https:\/\/capleni.ro\/wp-content\/uploads\/2025\/05\/hot-4-2011-urbanism.pdf\" target=\"_blank\" rel=\"noopener\">Hot\u0103r\u00e2re N<\/a><a href=\"https:\/\/capleni.ro\/wp-content\/uploads\/2025\/05\/hot-4-2011-urbanism.pdf\" target=\"_blank\" rel=\"noopener\">r.4\/2011 privind aprobarea Regulamentului Local de informare \u015fi consultare a publicului \u00een elaborarea sau revizuirea planurilor\u00a0 de amenajare a\u00a0 teritoriului \u015fi de urbanism in comuna C\u0103pleni<\/a><\/p>\n<p><a href=\"https:\/\/capleni.ro\/wp-content\/uploads\/2025\/05\/hot-1-2010-ANEXA-NR.-3.pdf\" target=\"_blank\" rel=\"noopener\">Anexa nr. 3 la Hot\u0103r\u00eere Nr. 1\/2010<\/a><\/p>\n<p><a href=\"https:\/\/capleni.ro\/wp-content\/uploads\/2025\/05\/hot-1-2010-ANEXA-NR.-2.pdf\" target=\"_blank\" rel=\"noopener\">Anexa Nr. 2 la Hot\u0103r\u00eere Nr. 1\/2010<\/a><\/p>\n<p><a href=\"https:\/\/capleni.ro\/wp-content\/uploads\/2025\/05\/hot-1-2010-ANEXA-NR.-1.pdf\" target=\"_blank\" rel=\"noopener\">Anexa Nr. 1 la Hot\u0103r\u00eere Nr.1\/2010<\/a><\/p>\n<p><a style=\"color: #4db2ec;\" href=\"https:\/\/capleni.ro\/wp-content\/uploads\/2025\/05\/hot-1-2010-REGULAMENT-APA-CANAL.pdf\" target=\"_blank\" rel=\"noopener\">Hot\u0103r\u00e2re\u00a0 Nr. 1\/2010. Regulamentul<\/a><\/p>\n<p><a href=\"https:\/\/capleni.ro\/wp-content\/uploads\/2025\/05\/hot-1-2010-Regulam-serv-alim-cu-apa-canaliz.pdf\" target=\"_blank\" rel=\"noopener\">Hot\u0103r\u00e2re\u00a0 Nr. 1\/2010 privind aprobarea Regulamentului serviciului de alimentare cu ap\u0103 \u015fi de canalizare<\/a><\/p>\n<p><a style=\"color: #4db2ec; text-decoration-line: underline;\" href=\"https:\/\/capleni.ro\/wp-content\/uploads\/2025\/05\/hot-32-2009-anexa-1-regulament.pdf\" target=\"_blank\" rel=\"noopener\">Anexa Nr. 1 la Hot\u0103r\u00e2re Nr.32\/2009<\/a><\/p>\n<p><a href=\"https:\/\/capleni.ro\/wp-content\/uploads\/2025\/05\/hot-32-2009-regulamen-cetateni.pdf\" target=\"_blank\" rel=\"noopener\">Hot\u0103r\u00e2re Nr.32\/2009. privind aprobarea Regulamentul privind stabilirea unor m\u0103suri pentru gospod\u0103rirea comunei C\u0103pleni<\/a><\/p>\n","protected":false},"excerpt":{"rendered":"<p>Anexa Nr. 7 la hot\u0103r\u00e2rea Nr.17\/2025 Anexa Nr. 6 la hot\u0103r\u00e2rea Nr.17\/2025 Anexa Nr. 5 la hot\u0103r\u00e2rea Nr.17\/2025 Anexa Nr. 4 la hot\u0103r\u00e2rea Nr.17\/2025 Anexa Nr. 3 la hot\u0103r\u00e2rea Nr.17\/2025 Anexa Nr. 2 la hot\u0103r\u00e2rea Nr.17\/2025 Anexa Nr. 1 la hot\u0103r\u00e2rea Nr.17\/2025 Hot\u0103r\u00e2re Nr.17\/2025 privind aprobarea Regulamentului de acordare a sprijinului financiar de la Bugetul [&hellip;]<\/p>\n","protected":false},"author":1,"featured_media":0,"parent":0,"menu_order":0,"comment_status":"closed","ping_status":"closed","template":"","meta":{"footnotes":""},"class_list":["post-4196","page","type-page","status-publish"],"_links":{"self":[{"href":"https:\/\/capleni.ro\/index.php?rest_route=\/wp\/v2\/pages\/4196","targetHints":{"allow":["GET"]}}],"collection":[{"href":"https:\/\/capleni.ro\/index.php?rest_route=\/wp\/v2\/pages"}],"about":[{"href":"https:\/\/capleni.ro\/index.php?rest_route=\/wp\/v2\/types\/page"}],"author":[{"embeddable":true,"href":"https:\/\/capleni.ro\/index.php?rest_route=\/wp\/v2\/users\/1"}],"replies":[{"embeddable":true,"href":"https:\/\/capleni.ro\/index.php?rest_route=%2Fwp%2Fv2%2Fcomments&post=4196"}],"version-history":[{"count":26,"href":"https:\/\/capleni.ro\/index.php?rest_route=\/wp\/v2\/pages\/4196\/revisions"}],"predecessor-version":[{"id":4882,"href":"https:\/\/capleni.ro\/index.php?rest_route=\/wp\/v2\/pages\/4196\/revisions\/4882"}],"wp:attachment":[{"href":"https:\/\/capleni.ro\/index.php?rest_route=%2Fwp%2Fv2%2Fmedia&parent=4196"}],"curies":[{"name":"wp","href":"https:\/\/api.w.org\/{rel}","templated":true}]}}