{"id":715,"date":"2025-03-04T12:05:07","date_gmt":"2025-03-04T12:05:07","guid":{"rendered":"https:\/\/capleni.ro\/?page_id=715"},"modified":"2026-04-20T14:35:27","modified_gmt":"2026-04-20T12:35:27","slug":"agricultura","status":"publish","type":"page","link":"https:\/\/capleni.ro\/?page_id=715","title":{"rendered":"Agricultur\u0103"},"content":{"rendered":"\r\n<p><a href=\"https:\/\/capleni.ro\/wp-content\/uploads\/2026\/04\/COMUNICAT-CaTRE-POPULAtIE.pdf\" target=\"_blank\" rel=\"noopener\">Comunicat c\u0103tre popula\u021bie privind m\u0103surile pentru reducerea riscului de contact \u00eentre p\u0103s\u0103rile domestice \u0219i cele s\u0103lbatice.<\/a><\/p>\r\n<p><a href=\"https:\/\/capleni.ro\/wp-content\/uploads\/2026\/01\/Comunicat-oficial-pasari.pdf\" target=\"_blank\" rel=\"noopener\">Comunicat oficial \u2013 privind m\u0103surile de prevenire a gripei aviare<\/a><\/p>\r\n<p><a href=\"https:\/\/capleni.ro\/wp-content\/uploads\/2025\/10\/Poster-rabie-ANSVSA.pdf\" target=\"_blank\" rel=\"noopener\">Rabia \u2013 Rabia este o boal\u0103 mortal\u0103 cauzat\u0103 de un virus care atac\u0103 sistemul nervos. Virusul se reg\u0103se\u0219te \u00een saliv\u0103 \u0219i se transmite la oameni sau alte mamifere prin mu\u0219c\u0103tur\u0103, zg\u00e2rietur\u0103 sau contactul cu saliva animalului. Odat\u0103 ce semnele clinice au ap\u0103rut, rabia este aproape 100% fatal\u0103.<\/a><\/p>\r\n<p><a href=\"https:\/\/capleni.ro\/wp-content\/uploads\/2025\/04\/comunicat-agricol.pdf\" target=\"_blank\" rel=\"noopener\">Comunicat privind obliga\u0163ia persoanelor fizice \u015fi juridice de a declara \u00een vederea \u00eenscrierii \u00een registrul agricol a bunurilor situate pe raza comunei C\u0103pleni<\/a><\/p>\r\n\r\n\r\n\r\n<p><a href=\"https:\/\/capleni.ro\/wp-content\/uploads\/2025\/04\/Anunt-privind-inregistrarile-in-Registrul-agricol-1.pdf\" target=\"_blank\" rel=\"noopener\">Anun\u021b privind \u00eenregistr\u0103rile \u00een Registrul agricol<\/a><\/p>\r\n\r\n\r\n\r\n<p><a href=\"https:\/\/capleni.ro\/wp-content\/uploads\/2025\/04\/SKM_C250i22052412210.pdf\" target=\"_blank\" rel=\"noopener\">Program de lucru \u00een contract cu Direc\u021bia Sanitar\u0103 Veterinar\u0103 \u0219i pentru Siguran\u021ba Alimentelor Satu Mare pentru CSV C\u0103pleni<\/a><\/p>\r\n\r\n\r\n\r\n<p><a href=\"https:\/\/capleni.ro\/wp-content\/uploads\/2025\/04\/PPP-OMOLOGATE-IN-ROM\u0202NIA-PENTRU-CULTURA-DE-TOMATE-1.pdf\" target=\"_blank\" rel=\"noopener\">PPP omologate \u020bn Rom\u0203nia pentru cultura de tomate<\/a><\/p>\r\n\r\n\r\n\r\n<p><a href=\"https:\/\/capleni.ro\/wp-content\/uploads\/2025\/04\/DAJ-SM-ref-ajutor-minimis-07.02.2022-1.pdf\" target=\"_blank\" rel=\"noopener\">Anun\u021b \u2013 Direc\u021bia pentru Agricultur\u0103 Jude\u021bean\u0103 Satu Mare.<\/a><\/p>\r\n","protected":false},"excerpt":{"rendered":"<p>Comunicat c\u0103tre popula\u021bie privind m\u0103surile pentru reducerea riscului de contact \u00eentre p\u0103s\u0103rile domestice \u0219i cele s\u0103lbatice. Comunicat oficial \u2013 privind m\u0103surile de prevenire a gripei aviare Rabia \u2013 Rabia este o boal\u0103 mortal\u0103 cauzat\u0103 de un virus care atac\u0103 sistemul nervos. Virusul se reg\u0103se\u0219te \u00een saliv\u0103 \u0219i se transmite la oameni sau alte mamifere prin [&hellip;]<\/p>\n","protected":false},"author":1,"featured_media":0,"parent":0,"menu_order":0,"comment_status":"closed","ping_status":"closed","template":"","meta":{"footnotes":""},"class_list":["post-715","page","type-page","status-publish"],"_links":{"self":[{"href":"https:\/\/capleni.ro\/index.php?rest_route=\/wp\/v2\/pages\/715","targetHints":{"allow":["GET"]}}],"collection":[{"href":"https:\/\/capleni.ro\/index.php?rest_route=\/wp\/v2\/pages"}],"about":[{"href":"https:\/\/capleni.ro\/index.php?rest_route=\/wp\/v2\/types\/page"}],"author":[{"embeddable":true,"href":"https:\/\/capleni.ro\/index.php?rest_route=\/wp\/v2\/users\/1"}],"replies":[{"embeddable":true,"href":"https:\/\/capleni.ro\/index.php?rest_route=%2Fwp%2Fv2%2Fcomments&post=715"}],"version-history":[{"count":6,"href":"https:\/\/capleni.ro\/index.php?rest_route=\/wp\/v2\/pages\/715\/revisions"}],"predecessor-version":[{"id":5076,"href":"https:\/\/capleni.ro\/index.php?rest_route=\/wp\/v2\/pages\/715\/revisions\/5076"}],"wp:attachment":[{"href":"https:\/\/capleni.ro\/index.php?rest_route=%2Fwp%2Fv2%2Fmedia&parent=715"}],"curies":[{"name":"wp","href":"https:\/\/api.w.org\/{rel}","templated":true}]}}