{"id":771,"date":"2025-03-04T13:07:29","date_gmt":"2025-03-04T13:07:29","guid":{"rendered":"https:\/\/capleni.ro\/?page_id=771"},"modified":"2025-04-10T11:27:35","modified_gmt":"2025-04-10T09:27:35","slug":"casatorii","status":"publish","type":"page","link":"https:\/\/capleni.ro\/?page_id=771","title":{"rendered":"C\u0103s\u0103torii"},"content":{"rendered":"<p><a href=\"https:\/\/capleni.ro\/wp-content\/uploads\/2025\/04\/acte-pt-CASATORIE-1.pdf\" target=\"_blank\" rel=\"noopener\">\u00cenregistrarea c\u0103s\u0103toriei<\/a><\/p>\n<p>Transcrierea certificatului de c\u0103s\u0103torie<\/p>\n<p>Detalii privind taxele<\/p>\n","protected":false},"excerpt":{"rendered":"<p>\u00cenregistrarea c\u0103s\u0103toriei Transcrierea certificatului de c\u0103s\u0103torie Detalii privind taxele<\/p>\n","protected":false},"author":1,"featured_media":0,"parent":0,"menu_order":0,"comment_status":"closed","ping_status":"closed","template":"","meta":{"footnotes":""},"class_list":["post-771","page","type-page","status-publish"],"_links":{"self":[{"href":"https:\/\/capleni.ro\/index.php?rest_route=\/wp\/v2\/pages\/771","targetHints":{"allow":["GET"]}}],"collection":[{"href":"https:\/\/capleni.ro\/index.php?rest_route=\/wp\/v2\/pages"}],"about":[{"href":"https:\/\/capleni.ro\/index.php?rest_route=\/wp\/v2\/types\/page"}],"author":[{"embeddable":true,"href":"https:\/\/capleni.ro\/index.php?rest_route=\/wp\/v2\/users\/1"}],"replies":[{"embeddable":true,"href":"https:\/\/capleni.ro\/index.php?rest_route=%2Fwp%2Fv2%2Fcomments&post=771"}],"version-history":[{"count":3,"href":"https:\/\/capleni.ro\/index.php?rest_route=\/wp\/v2\/pages\/771\/revisions"}],"predecessor-version":[{"id":4046,"href":"https:\/\/capleni.ro\/index.php?rest_route=\/wp\/v2\/pages\/771\/revisions\/4046"}],"wp:attachment":[{"href":"https:\/\/capleni.ro\/index.php?rest_route=%2Fwp%2Fv2%2Fmedia&parent=771"}],"curies":[{"name":"wp","href":"https:\/\/api.w.org\/{rel}","templated":true}]}}