{"id":812,"date":"2025-03-04T13:21:36","date_gmt":"2025-03-04T13:21:36","guid":{"rendered":"https:\/\/capleni.ro\/?page_id=812"},"modified":"2025-03-28T08:49:51","modified_gmt":"2025-03-28T06:49:51","slug":"eliberarea-anexei-24-sesizare-pentru-deschiderea-procedurii-succesorale","status":"publish","type":"page","link":"https:\/\/capleni.ro\/?page_id=812","title":{"rendered":"Eliberarea anexei 24 &#8211; sesizare pentru deschiderea procedurii succesorale"},"content":{"rendered":"<h2>PROCEDURA<\/h2>\n<p>Privind eliberarea \u201eSesiz\u0103rii pentru deschiderea procedurii succesorale\u201c<\/p>\n<p>\u2013 Anexa 24 \u2013<\/p>\n<p style=\"padding-left: 40px;\"><strong>ACTE NECESARE:<\/strong><br \/>\n1. Cerere &#8211; se ob\u021bine \u00een mod gratuit la Prim\u0103rie-starea civil\u0103, sau se poate desc\u0103rca fi\u0219ierul ata\u0219at (se imprim\u0103 pe format de h\u00e2rtie A4, fa\u021b\u0103-verso);<br \/>\n2. Certificat de deces al autorului succesiunii;<br \/>\n3. Certificat de atestare fiscal\u0103 eliberat de c\u0103tre Compartimentul financiar-contabil, taxe \u0219i impozite locale, resurse umane local pe numele defunctului;<br \/>\n4. Certificat de na\u0219tere \u0219i de c\u0103s\u0103torie pentru so\u021bul supravie\u021buitor;<br \/>\n5. Certificat de na\u0219tere \u0219i de c\u0103s\u0103torie ( \u00een cazul schimb\u0103rii numelui ) pentru mo\u0219tenitori;<br \/>\n6. Actul de identitate pentru to\u021bi mo\u0219tenitorii;<br \/>\n7. Extras Carte Funciar\u0103 eliberat \u00een luna care se depune cererea, \u00een situa\u021bia \u00een care obiectul mo\u0219tenirii se refer\u0103 la un imobil de natur\u0103 construc\u021bie \u0219i\/sau teren;<br \/>\n8. Titlul de proprietate \u00een situa\u021bia \u00een care obiectul succesiunii se refer\u0103 la un teren atribuit potrivit legilor fondului funciar;<br \/>\n9. Orice alte acte care dovedesc proprietatea asupra bunurilor de\u021binute de persoana decedat\u0103 dup\u0103 care urmeaz\u0103 a se dezbate succesiunea (contract de v\u00e2nzare \u2013cump\u0103rare\/construire, proces verbal de predare &#8211; primire a locuin\u021bei; contract de \u00eemprumut \u0219i adeverin\u021b\u0103 de achitare integral, carte de identitate \u0219i talon auto, certificat de ac\u021bionar, testament etc).<\/p>\n<p>Cererea \u00eenso\u021bit\u0103 de actele necesare se depune la Prim\u0103ria comunei C\u0103pleni, Serviciul Stare Civil\u0103. Actele doveditoare se prezint\u0103 \u00een original.<\/p>\n<p><strong>NOT\u0102:<\/strong><\/p>\n<p>Sesizarea pentru deschiderea procedurii succesorale ( Anexa 24 ) se elibereaz\u0103 o singur\u0103 dat\u0103 la cererea mo\u0219tenitorilor ( succesibililor ) prezumtivi ai defunctului. Persoana \u00eendrept\u0103\u021bit\u0103 s\u0103 solicite la cerere eliberarea ,,Sesiz\u0103rii pentru deschiderea procedurii succesorale\u201d ( Anexa 24 ) este persoana care face dovada scris\u0103 c\u0103 are voca\u021bie succesoral\u0103.<\/p>\n<p>De asemenea, din oficiu, secretarul unit\u0103\u021bii administrativ \u2013 teritoriale va comunica, \u00een termen de 30 de zile de la data decesului unei persoane, camerei notarilor publici \u00een a c\u0103rei circumscrip\u021bie teritorial\u0103 defunctul a avut ultimul domiciliu, o sesizare pentru deschiderea procedurii succesorale \u00een conformitate cu dispozi\u021biile prev\u0103zute de art.243 alin.(3)-(4) din O.U.G. nr.57\/2019 privind Codul Administrativ.<\/p>\n<p>Anexa 24 poate fi eliberat\u0103 la cerere \u0219i altei persoane \u00eemputernicit\u0103 prin procur\u0103 special\u0103\/avoca\u021bial\u0103, \u00een cazul \u00een care persoana \u00eendrept\u0103\u021bit\u0103 nu se poate prezenta personal.<\/p>\n<p>Sesizarea pentru deschiderea procedurii succesorale este documentul administrativ necesar \u00een procedura dezbaterii succesorale care se desf\u0103\u0219oar\u0103 exclusiv \u00een fata notarului public competent sau a instan\u021bei judec\u0103tore\u0219ti \u00een a c\u0103rei raz\u0103 teritorial\u0103 a avut ultimul domiciliu defunctul.<\/p>\n<p>Anexa 24 nu atest\u0103 calitatea de mo\u0219tenitor \u0219i nici dreptul de proprietate asupra bunurilor mobile sau imobile de\u021binute de defunct.<\/p>\n<p>Dovada calit\u0103\u021bii de mo\u0219tenitor legal sau testamentar, precum \u0219i dovada dreptului de proprietate al mo\u0219tenitorilor acceptan\u021bi asupra bunurilor din masa succesoral\u0103 \u00een cota care se cuvine fiec\u0103ruia, se constat\u0103 prin certificatul de mo\u0219tenitor eliberat de notarul public, conform art.1132 din Codul civil.<\/p>\n<h3><strong>DOCUMENTE<\/strong><\/h3>\n<p><a href=\"https:\/\/capleni.ro\/wp-content\/uploads\/2025\/03\/anexa-23-cerere-pentru-deschiderea-procedurii-succesorale.pdf\" target=\"_blank\" rel=\"noopener\">DOCUMENT: ANEXA-23-CERERE-PENTRU-DESCHIDEREA-PROCEDURII-SUCCESORALE.PDF<\/a><\/p>\n<p>(timpul mediu estimativ pentru completare \u2013 10 min.)<\/p>\n","protected":false},"excerpt":{"rendered":"<p>PROCEDURA Privind eliberarea \u201eSesiz\u0103rii pentru deschiderea procedurii succesorale\u201c \u2013 Anexa 24 \u2013 ACTE NECESARE: 1. Cerere &#8211; se ob\u021bine \u00een mod gratuit la Prim\u0103rie-starea civil\u0103, sau se poate desc\u0103rca fi\u0219ierul ata\u0219at (se imprim\u0103 pe format de h\u00e2rtie A4, fa\u021b\u0103-verso); 2. Certificat de deces al autorului succesiunii; 3. Certificat de atestare fiscal\u0103 eliberat de c\u0103tre Compartimentul [&hellip;]<\/p>\n","protected":false},"author":1,"featured_media":0,"parent":0,"menu_order":0,"comment_status":"closed","ping_status":"closed","template":"","meta":{"footnotes":""},"class_list":["post-812","page","type-page","status-publish"],"_links":{"self":[{"href":"https:\/\/capleni.ro\/index.php?rest_route=\/wp\/v2\/pages\/812","targetHints":{"allow":["GET"]}}],"collection":[{"href":"https:\/\/capleni.ro\/index.php?rest_route=\/wp\/v2\/pages"}],"about":[{"href":"https:\/\/capleni.ro\/index.php?rest_route=\/wp\/v2\/types\/page"}],"author":[{"embeddable":true,"href":"https:\/\/capleni.ro\/index.php?rest_route=\/wp\/v2\/users\/1"}],"replies":[{"embeddable":true,"href":"https:\/\/capleni.ro\/index.php?rest_route=%2Fwp%2Fv2%2Fcomments&post=812"}],"version-history":[{"count":4,"href":"https:\/\/capleni.ro\/index.php?rest_route=\/wp\/v2\/pages\/812\/revisions"}],"predecessor-version":[{"id":2946,"href":"https:\/\/capleni.ro\/index.php?rest_route=\/wp\/v2\/pages\/812\/revisions\/2946"}],"wp:attachment":[{"href":"https:\/\/capleni.ro\/index.php?rest_route=%2Fwp%2Fv2%2Fmedia&parent=812"}],"curies":[{"name":"wp","href":"https:\/\/api.w.org\/{rel}","templated":true}]}}