{"id":832,"date":"2025-03-04T13:48:18","date_gmt":"2025-03-04T13:48:18","guid":{"rendered":"https:\/\/capleni.ro\/?page_id=832"},"modified":"2025-04-08T14:27:16","modified_gmt":"2025-04-08T12:27:16","slug":"inventar","status":"publish","type":"page","link":"https:\/\/capleni.ro\/?page_id=832","title":{"rendered":"Inventar"},"content":{"rendered":"<p><a href=\"https:\/\/capleni.ro\/wp-content\/uploads\/2025\/04\/2021-inventar-dom-privat.pdf\" target=\"_blank\" rel=\"noopener\">Inventarul bunurilor care apar\u0163in domeniului public al comunei C\u0103pleni.<\/a><\/p>\n<p><a href=\"https:\/\/capleni.ro\/wp-content\/uploads\/2025\/04\/2021-inventar-dom-privat-1.pdf\" target=\"_blank\" rel=\"noopener\">Inventarul bunurilor care apartin domeniului privat al unitatii administrativ-teritoriale comuna C\u0103pleni.<\/a><\/p>\n","protected":false},"excerpt":{"rendered":"<p>Inventarul bunurilor care apar\u0163in domeniului public al comunei C\u0103pleni. Inventarul bunurilor care apartin domeniului privat al unitatii administrativ-teritoriale comuna C\u0103pleni.<\/p>\n","protected":false},"author":1,"featured_media":0,"parent":0,"menu_order":0,"comment_status":"closed","ping_status":"closed","template":"","meta":{"footnotes":""},"class_list":["post-832","page","type-page","status-publish"],"_links":{"self":[{"href":"https:\/\/capleni.ro\/index.php?rest_route=\/wp\/v2\/pages\/832","targetHints":{"allow":["GET"]}}],"collection":[{"href":"https:\/\/capleni.ro\/index.php?rest_route=\/wp\/v2\/pages"}],"about":[{"href":"https:\/\/capleni.ro\/index.php?rest_route=\/wp\/v2\/types\/page"}],"author":[{"embeddable":true,"href":"https:\/\/capleni.ro\/index.php?rest_route=\/wp\/v2\/users\/1"}],"replies":[{"embeddable":true,"href":"https:\/\/capleni.ro\/index.php?rest_route=%2Fwp%2Fv2%2Fcomments&post=832"}],"version-history":[{"count":2,"href":"https:\/\/capleni.ro\/index.php?rest_route=\/wp\/v2\/pages\/832\/revisions"}],"predecessor-version":[{"id":3921,"href":"https:\/\/capleni.ro\/index.php?rest_route=\/wp\/v2\/pages\/832\/revisions\/3921"}],"wp:attachment":[{"href":"https:\/\/capleni.ro\/index.php?rest_route=%2Fwp%2Fv2%2Fmedia&parent=832"}],"curies":[{"name":"wp","href":"https:\/\/api.w.org\/{rel}","templated":true}]}}