{"id":834,"date":"2025-03-04T13:48:33","date_gmt":"2025-03-04T13:48:33","guid":{"rendered":"https:\/\/capleni.ro\/?page_id=834"},"modified":"2025-04-23T09:48:12","modified_gmt":"2025-04-23T07:48:12","slug":"investitii","status":"publish","type":"page","link":"https:\/\/capleni.ro\/?page_id=834","title":{"rendered":"Sprijin financiar"},"content":{"rendered":"<h4 style=\"text-align: right;\">Anul 2025<\/h4>\n<h1>Sprijin financiar, de la bugetul local al Comunei C\u0103pleni, pentru unit\u0103\u0163ile de cult apar\u0163in\u00e2nd cultelor religioase recunoscute din Rom\u00e2nia<\/h1>\n<h3>FORMULARE<\/h3>\n<p><a href=\"https:\/\/capleni.ro\/wp-content\/uploads\/2025\/04\/2025-Regulament-culte.pdf\" target=\"_blank\" rel=\"noopener\">Regulament privind stabilirea unor forme de sprijin financiar, de la bugetul local al Comunei C\u0103pleni, pentru unit\u0103\u0163ile de cult apar\u0163in\u00e2nd cultelor religioase recunoscute din Rom\u00e2nia<\/a><\/p>\n<p><a href=\"https:\/\/capleni.ro\/wp-content\/uploads\/2025\/04\/Cerere-de-acordare-sprijin-financiar-culte.pdf\" target=\"_blank\" rel=\"noopener\">Cerere pentru acordarea sprijinului financiar conform Ordonan\u0163ei Guvernului nr. 82\/2001, cu modific\u0103rile \u015fi complet\u0103rile ulterioare, \u015fi ale Hot\u0103r\u00e2rii Guvernului nr. 1470\/2002, cu modific\u0103rile \u015fi complet\u0103rile ulterioare<\/a><\/p>\n<p><a href=\"https:\/\/capleni.ro\/wp-content\/uploads\/2025\/04\/Declaratie-pe-propria-raspundere-sprijin-financiar-culte.pdf\" target=\"_blank\" rel=\"noopener\">Declara\u0163ie pe propria <span lang=\"ro-RO\">r\u0103spundere privind<\/span> acordarea sprijinului financiar conform Ordonan\u0163ei Guvernului nr. 82\/2001, cu modific\u0103rile \u015fi complet\u0103rile ulterioare, \u015fi ale Hot\u0103r\u00e2rii Guvernului nr. 1470\/2002, cu modific\u0103rile \u015fi complet\u0103rile ulterioare<\/a><\/p>\n<p><a href=\"https:\/\/capleni.ro\/wp-content\/uploads\/2025\/04\/Adresa-de-inaintare-doc-justificative-sprijin-financiar-culte.pdf\" target=\"_blank\" rel=\"noopener\">Adres<span lang=\"ro-RO\">\u0103<\/span> de <span lang=\"ro-RO\">\u00ee<\/span>naintare doc<span lang=\"ro-RO\">umente<\/span> justificative <span lang=\"ro-RO\">privind<\/span> acordarea sprijinului financiar conform Ordonan\u0163ei Guvernului nr. 82\/2001, cu modific\u0103rile \u015fi complet\u0103rile ulterioare, \u015fi ale Hot\u0103r\u00e2rii Guvernului nr. 1470\/2002, cu modific\u0103rile \u015fi complet\u0103rile ulterioare<\/a><\/p>\n<p><a href=\"https:\/\/capleni.ro\/wp-content\/uploads\/2025\/04\/Raport-de-justificare-pentru-sumele-primite-ca-sprijin-financiar.pdf\" target=\"_blank\" rel=\"noopener\">Raport de justificare pentru sumele primite ca sprijin financiar de la <span lang=\"ro-RO\">B<\/span>ugetul <span lang=\"ro-RO\">L<\/span>ocal al <span lang=\"ro-RO\">C<\/span>omunei <span lang=\"ro-RO\">C<\/span>\u0103pleni<\/a><\/p>\n<p><a href=\"https:\/\/capleni.ro\/wp-content\/uploads\/2025\/04\/2025-hot-17-Anexa-5-Centralizator-doc-justificative-sprijin-financiar-culte.pdf\" target=\"_blank\" rel=\"noopener\">Centralizator <span lang=\"ro-RO\">c<\/span>u documentele justificative ale sprijinului financiar<\/a><\/p>\n<p><a href=\"https:\/\/capleni.ro\/wp-content\/uploads\/2025\/04\/Proces-verbal-receptie-lucrari-culte.pdf\" target=\"_blank\" rel=\"noopener\">Proces-verbal de recep\u0163ie a lucr\u0103rilor<\/a><\/p>\n<p><a href=\"https:\/\/capleni.ro\/wp-content\/uploads\/2025\/04\/Contract-acordare-sprijin-financiar-culte.pdf\" target=\"_blank\" rel=\"noopener\">Contract acordare sprijin financiar<\/a><\/p>\n","protected":false},"excerpt":{"rendered":"<p>Anul 2025 Sprijin financiar, de la bugetul local al Comunei C\u0103pleni, pentru unit\u0103\u0163ile de cult apar\u0163in\u00e2nd cultelor religioase recunoscute din Rom\u00e2nia FORMULARE Regulament privind stabilirea unor forme de sprijin financiar, de la bugetul local al Comunei C\u0103pleni, pentru unit\u0103\u0163ile de cult apar\u0163in\u00e2nd cultelor religioase recunoscute din Rom\u00e2nia Cerere pentru acordarea sprijinului financiar conform Ordonan\u0163ei Guvernului [&hellip;]<\/p>\n","protected":false},"author":1,"featured_media":0,"parent":0,"menu_order":0,"comment_status":"closed","ping_status":"closed","template":"","meta":{"footnotes":""},"class_list":["post-834","page","type-page","status-publish"],"_links":{"self":[{"href":"https:\/\/capleni.ro\/index.php?rest_route=\/wp\/v2\/pages\/834","targetHints":{"allow":["GET"]}}],"collection":[{"href":"https:\/\/capleni.ro\/index.php?rest_route=\/wp\/v2\/pages"}],"about":[{"href":"https:\/\/capleni.ro\/index.php?rest_route=\/wp\/v2\/types\/page"}],"author":[{"embeddable":true,"href":"https:\/\/capleni.ro\/index.php?rest_route=\/wp\/v2\/users\/1"}],"replies":[{"embeddable":true,"href":"https:\/\/capleni.ro\/index.php?rest_route=%2Fwp%2Fv2%2Fcomments&post=834"}],"version-history":[{"count":7,"href":"https:\/\/capleni.ro\/index.php?rest_route=\/wp\/v2\/pages\/834\/revisions"}],"predecessor-version":[{"id":4168,"href":"https:\/\/capleni.ro\/index.php?rest_route=\/wp\/v2\/pages\/834\/revisions\/4168"}],"wp:attachment":[{"href":"https:\/\/capleni.ro\/index.php?rest_route=%2Fwp%2Fv2%2Fmedia&parent=834"}],"curies":[{"name":"wp","href":"https:\/\/api.w.org\/{rel}","templated":true}]}}