{"id":846,"date":"2025-03-04T13:50:53","date_gmt":"2025-03-04T13:50:53","guid":{"rendered":"https:\/\/capleni.ro\/?page_id=846"},"modified":"2025-03-04T13:50:53","modified_gmt":"2025-03-04T13:50:53","slug":"nasteri","status":"publish","type":"page","link":"https:\/\/capleni.ro\/?page_id=846","title":{"rendered":"Na\u0219teri"},"content":{"rendered":"<p>\u00cenregistrarea na\u015fterilor<\/p>\n<p>Transcrierea certificatului de na\u015ftere<\/p>\n","protected":false},"excerpt":{"rendered":"<p>\u00cenregistrarea na\u015fterilor Transcrierea certificatului de na\u015ftere<\/p>\n","protected":false},"author":1,"featured_media":0,"parent":0,"menu_order":0,"comment_status":"closed","ping_status":"closed","template":"","meta":{"footnotes":""},"class_list":["post-846","page","type-page","status-publish"],"_links":{"self":[{"href":"https:\/\/capleni.ro\/index.php?rest_route=\/wp\/v2\/pages\/846","targetHints":{"allow":["GET"]}}],"collection":[{"href":"https:\/\/capleni.ro\/index.php?rest_route=\/wp\/v2\/pages"}],"about":[{"href":"https:\/\/capleni.ro\/index.php?rest_route=\/wp\/v2\/types\/page"}],"author":[{"embeddable":true,"href":"https:\/\/capleni.ro\/index.php?rest_route=\/wp\/v2\/users\/1"}],"replies":[{"embeddable":true,"href":"https:\/\/capleni.ro\/index.php?rest_route=%2Fwp%2Fv2%2Fcomments&post=846"}],"version-history":[{"count":1,"href":"https:\/\/capleni.ro\/index.php?rest_route=\/wp\/v2\/pages\/846\/revisions"}],"predecessor-version":[{"id":847,"href":"https:\/\/capleni.ro\/index.php?rest_route=\/wp\/v2\/pages\/846\/revisions\/847"}],"wp:attachment":[{"href":"https:\/\/capleni.ro\/index.php?rest_route=%2Fwp%2Fv2%2Fmedia&parent=846"}],"curies":[{"name":"wp","href":"https:\/\/api.w.org\/{rel}","templated":true}]}}