{"id":850,"date":"2025-03-04T13:53:51","date_gmt":"2025-03-04T13:53:51","guid":{"rendered":"https:\/\/capleni.ro\/?page_id=850"},"modified":"2025-04-09T11:22:37","modified_gmt":"2025-04-09T09:22:37","slug":"850-2","status":"publish","type":"page","link":"https:\/\/capleni.ro\/?page_id=850","title":{"rendered":"Organigrama"},"content":{"rendered":"<p lang=\"ro-RO\"><a href=\"https:\/\/capleni.ro\/wp-content\/uploads\/2025\/03\/hot-9-anexa-Organigrama.pdf\" target=\"_blank\" rel=\"noopener\"><span lang=\"hu-HU\">Hot\u0103r\u00e2re Nr.9\/27.02.2025. privind aprobarea modific\u0103rii Organigramei \u015fi a Statului de func\u0163ii al aparatului de specialitate al primarului comunei C\u0103pleni<\/span><\/a><\/p>\n<p lang=\"ro-RO\"><a href=\"https:\/\/capleni.ro\/wp-content\/uploads\/2025\/04\/organigrama-1.jpg\"><img loading=\"lazy\" decoding=\"async\" class=\"alignleft size-full wp-image-3934\" src=\"https:\/\/capleni.ro\/wp-content\/uploads\/2025\/04\/organigrama-1.jpg\" alt=\"\" width=\"1393\" height=\"932\" srcset=\"https:\/\/capleni.ro\/wp-content\/uploads\/2025\/04\/organigrama-1.jpg 1393w, https:\/\/capleni.ro\/wp-content\/uploads\/2025\/04\/organigrama-1-300x201.jpg 300w, https:\/\/capleni.ro\/wp-content\/uploads\/2025\/04\/organigrama-1-1024x685.jpg 1024w, https:\/\/capleni.ro\/wp-content\/uploads\/2025\/04\/organigrama-1-768x514.jpg 768w, https:\/\/capleni.ro\/wp-content\/uploads\/2025\/04\/organigrama-1-628x420.jpg 628w, https:\/\/capleni.ro\/wp-content\/uploads\/2025\/04\/organigrama-1-150x100.jpg 150w, https:\/\/capleni.ro\/wp-content\/uploads\/2025\/04\/organigrama-1-696x466.jpg 696w, https:\/\/capleni.ro\/wp-content\/uploads\/2025\/04\/organigrama-1-1068x715.jpg 1068w\" sizes=\"auto, (max-width: 1393px) 100vw, 1393px\" \/><\/a><\/p>\n<p>&nbsp;<\/p>\n","protected":false},"excerpt":{"rendered":"<p>Hot\u0103r\u00e2re Nr.9\/27.02.2025. privind aprobarea modific\u0103rii Organigramei \u015fi a Statului de func\u0163ii al aparatului de specialitate al primarului comunei C\u0103pleni &nbsp;<\/p>\n","protected":false},"author":1,"featured_media":0,"parent":0,"menu_order":0,"comment_status":"closed","ping_status":"closed","template":"","meta":{"footnotes":""},"class_list":["post-850","page","type-page","status-publish"],"_links":{"self":[{"href":"https:\/\/capleni.ro\/index.php?rest_route=\/wp\/v2\/pages\/850","targetHints":{"allow":["GET"]}}],"collection":[{"href":"https:\/\/capleni.ro\/index.php?rest_route=\/wp\/v2\/pages"}],"about":[{"href":"https:\/\/capleni.ro\/index.php?rest_route=\/wp\/v2\/types\/page"}],"author":[{"embeddable":true,"href":"https:\/\/capleni.ro\/index.php?rest_route=\/wp\/v2\/users\/1"}],"replies":[{"embeddable":true,"href":"https:\/\/capleni.ro\/index.php?rest_route=%2Fwp%2Fv2%2Fcomments&post=850"}],"version-history":[{"count":11,"href":"https:\/\/capleni.ro\/index.php?rest_route=\/wp\/v2\/pages\/850\/revisions"}],"predecessor-version":[{"id":3935,"href":"https:\/\/capleni.ro\/index.php?rest_route=\/wp\/v2\/pages\/850\/revisions\/3935"}],"wp:attachment":[{"href":"https:\/\/capleni.ro\/index.php?rest_route=%2Fwp%2Fv2%2Fmedia&parent=850"}],"curies":[{"name":"wp","href":"https:\/\/api.w.org\/{rel}","templated":true}]}}