{"id":869,"date":"2025-03-05T06:01:21","date_gmt":"2025-03-05T06:01:21","guid":{"rendered":"https:\/\/capleni.ro\/?page_id=869"},"modified":"2025-03-28T09:00:33","modified_gmt":"2025-03-28T07:00:33","slug":"rectificarea-actelor-de-stare-civila","status":"publish","type":"page","link":"https:\/\/capleni.ro\/?page_id=869","title":{"rendered":"Rectificarea actelor de stare civil\u0103"},"content":{"rendered":"<p style=\"text-align: right;\"><em>Ultima actualizare 26.07.2023<\/em><\/p>\n<p>Rectificarea actelor de stare civil\u0103 \u015fi a men\u0163iunilor \u00eenscrise pe marginea acestora se face \u00een temeiul Dispozi\u0163iei primarului unit\u0103\u0163ii administrativ-teritoriale care are \u00een p\u0103strare actul de stare civil\u0103, din oficiu sau la cererea persoanei interesate, cu avizul prealabil al Direc\u0163iei Jude\u0163ene de Eviden\u0163\u0103 a Persoanelor.<\/p>\n<p>Cererea de rectificare a actelor de stare civil\u0103 \u015fi a men\u0163iunilor \u00eenscrise pe acestea, \u00eenso\u0163it\u0103 de actele doveditoare, se depune la Serviciul public comunitar local de eviden\u0163\u0103 a persoanelor sau la prim\u0103ria unit\u0103\u0163ii administrativ-teritoriale care are \u00een p\u0103strare actul de stare civil\u0103 ori, dup\u0103 caz, la Serviciul public comunitar local de eviden\u0163\u0103 a persoanelor sau la prim\u0103ria de la locul de domiciliu al solicitantului.<\/p>\n<p>Actele doveditoare depuse de de c\u0103tre persoana interesat\u0103, pot fi dup\u0103 caz urm\u0103toarele:<\/p>\n<ul>\n<li style=\"list-style-type: none;\">\n<ul>\n<li>certificatele de na\u015ftere \u015fi dup\u0103 caz de c\u0103s\u0103torie ale persoanei a c\u0103rei acte se rectific\u0103;<\/li>\n<li>certificatele de na\u015ftere \u015fi dup\u0103 caz de c\u0103s\u0103torie ale p\u0103rin\u0163ilor persoanei a c\u0103rei acte se rectific\u0103;<\/li>\n<li>certificatele de na\u015ftere, c\u0103s\u0103torie \u015fi deces, \u00een cazul rectific\u0103rii actelor de stare civil\u0103 apar\u0163in\u00e2nd unei persoane decedate;<\/li>\n<li>actul de identitate;<\/li>\n<li>dispozi\u0163ii\/decizii de schimbare a numelui\/prenumelui;<\/li>\n<li>sentin\u0163e judec\u0103tore\u015fti;<\/li>\n<li>alte acte doveditoare, dup\u0103 caz.<\/li>\n<\/ul>\n<\/li>\n<\/ul>\n<p>Cererea se solu\u0163ioneaz\u0103 \u00een termen de 30 de zile prin emiterea Dispozi\u0163iei primarului, aceasta comunicandu-se solicitantului \u00een termen de 10 zile de la data emiterii.<\/p>\n<p>Dispozi\u0163ia primarului poate fi contestat\u0103 la instan\u0163a judec\u0103toreasc\u0103 \u00een a c\u0103rei raz\u0103 teritorial\u0103 \u00ee\u015fi are sediul autoritatea emitent\u0103, \u00een condi\u0163iile legii.<\/p>\n<p>Actele de stare civil\u0103 rom\u00e2ne \u00eentocmite ca urmare a transcrierii\/\u00eenscrierii \u00een registrele de stare civil\u0103 rom\u00e2ne a certificatelor sau extraselor de stare civil\u0103 \u00eencheiate \u00een str\u0103in\u0103tate se rectific\u0103 numai \u00een urm\u0103toarele situa\u0163ii:<\/p>\n<ul>\n<li style=\"list-style-type: none;\">\n<ul>\n<li>c\u00e2nd eroarea se datoreaz\u0103 ofi\u0163erului de stare civil\u0103 care a \u00eenscris\/transcris actul;<\/li>\n<li>c\u00e2nd eroarea se datoreaz\u0103 traducerii prezentate.<\/li>\n<\/ul>\n<\/li>\n<\/ul>\n<p><strong>Descarca cererea<\/strong><\/p>\n<p><a href=\"https:\/\/capleni.ro\/wp-content\/uploads\/2025\/03\/rectificari.pdf\" target=\"_blank\" rel=\"noopener\">DOCUMENT: RECTIFICARI.PDF<\/a><\/p>\n<p>(timpul mediu estimativ pentru completare \u2013 10 min.)<\/p>\n","protected":false},"excerpt":{"rendered":"<p>Ultima actualizare 26.07.2023 Rectificarea actelor de stare civil\u0103 \u015fi a men\u0163iunilor \u00eenscrise pe marginea acestora se face \u00een temeiul Dispozi\u0163iei primarului unit\u0103\u0163ii administrativ-teritoriale care are \u00een p\u0103strare actul de stare civil\u0103, din oficiu sau la cererea persoanei interesate, cu avizul prealabil al Direc\u0163iei Jude\u0163ene de Eviden\u0163\u0103 a Persoanelor. Cererea de rectificare a actelor de stare [&hellip;]<\/p>\n","protected":false},"author":1,"featured_media":0,"parent":0,"menu_order":0,"comment_status":"closed","ping_status":"closed","template":"","meta":{"footnotes":""},"class_list":["post-869","page","type-page","status-publish"],"_links":{"self":[{"href":"https:\/\/capleni.ro\/index.php?rest_route=\/wp\/v2\/pages\/869","targetHints":{"allow":["GET"]}}],"collection":[{"href":"https:\/\/capleni.ro\/index.php?rest_route=\/wp\/v2\/pages"}],"about":[{"href":"https:\/\/capleni.ro\/index.php?rest_route=\/wp\/v2\/types\/page"}],"author":[{"embeddable":true,"href":"https:\/\/capleni.ro\/index.php?rest_route=\/wp\/v2\/users\/1"}],"replies":[{"embeddable":true,"href":"https:\/\/capleni.ro\/index.php?rest_route=%2Fwp%2Fv2%2Fcomments&post=869"}],"version-history":[{"count":4,"href":"https:\/\/capleni.ro\/index.php?rest_route=\/wp\/v2\/pages\/869\/revisions"}],"predecessor-version":[{"id":2958,"href":"https:\/\/capleni.ro\/index.php?rest_route=\/wp\/v2\/pages\/869\/revisions\/2958"}],"wp:attachment":[{"href":"https:\/\/capleni.ro\/index.php?rest_route=%2Fwp%2Fv2%2Fmedia&parent=869"}],"curies":[{"name":"wp","href":"https:\/\/api.w.org\/{rel}","templated":true}]}}