{"id":875,"date":"2025-03-05T06:02:49","date_gmt":"2025-03-05T06:02:49","guid":{"rendered":"https:\/\/capleni.ro\/?page_id=875"},"modified":"2025-09-30T12:18:28","modified_gmt":"2025-09-30T10:18:28","slug":"registrul-pentru-evidenta-hotararilor","status":"publish","type":"page","link":"https:\/\/capleni.ro\/?page_id=875","title":{"rendered":"Registrul Pentru Eviden\u021ba Hot\u0103r\u00e2rilor"},"content":{"rendered":"<p><a href=\"https:\/\/capleni.ro\/wp-content\/uploads\/2025\/09\/Registru-evidenta-hotarari-adoptate-de-consiliul-local-al-comunei-Capleni-judetul-Satu-Mare-2025.pdf\" target=\"_blank\" rel=\"noopener\">Registru eviden\u021b\u0103 hot\u0103r\u00e2ri adoptate de consiliul local al comunei C\u0103pleni, jude\u021bul Satu Mare \u2013 2025<\/a><\/p>\n<p><a href=\"https:\/\/capleni.ro\/wp-content\/uploads\/2025\/09\/Registru-evidenta-hotarari-adoptate-de-consiliul-local-al-comunei-Capleni-judetul-Satu-Mare-2024.pdf\" target=\"_blank\" rel=\"noopener\">Registru eviden\u021b\u0103 hot\u0103r\u00e2ri adoptate de consiliul local al comunei C\u0103pleni, jude\u021bul Satu Mare \u2013 2024<\/a><\/p>\n<p><a href=\"https:\/\/capleni.ro\/wp-content\/uploads\/2025\/04\/Registru-evidenta-hotarari-adoptate-de-consiliul-local-al-comunei-Capleni-judetul-Satu-Mare-2023.pdf\" target=\"_blank\" rel=\"noopener\">Registru eviden\u021b\u0103 hot\u0103r\u00e2ri adoptate de consiliul local al comunei C\u0103pleni, jude\u021bul Satu Mare \u2013 2023<\/a><\/p>\n<p><a href=\"https:\/\/capleni.ro\/wp-content\/uploads\/2025\/04\/reg.-evid.-HCL-2022.pdf\" target=\"_blank\" rel=\"noopener\">Registru eviden\u021b\u0103 hot\u0103r\u00e2ri adoptate de Consiliul Local al comunei C\u0103pleni, jude\u021bul Satu Mare \u2013 2022<\/a><\/p>\n<p><a href=\"https:\/\/capleni.ro\/wp-content\/uploads\/2025\/04\/reg.-evid.-HCL-2021.pdf\" target=\"_blank\" rel=\"noopener\">Registru eviden\u021b\u0103 hot\u0103r\u00e2ri adoptate de Consiliul Local al comunei C\u0103pleni, jude\u021bul Satu Mare \u2013 2021<\/a><\/p>\n<p><a href=\"https:\/\/capleni.ro\/wp-content\/uploads\/2025\/04\/reg.-evid-HCL-2020.pdf\" target=\"_blank\" rel=\"noopener\">Registru eviden\u021b\u0103 hot\u0103r\u00e2ri adoptate de Consiliul Local al comunei C\u0103pleni, jude\u021bul Satu Mare \u2013 2020<\/a><\/p>\n","protected":false},"excerpt":{"rendered":"<p>Registru eviden\u021b\u0103 hot\u0103r\u00e2ri adoptate de consiliul local al comunei C\u0103pleni, jude\u021bul Satu Mare \u2013 2025 Registru eviden\u021b\u0103 hot\u0103r\u00e2ri adoptate de consiliul local al comunei C\u0103pleni, jude\u021bul Satu Mare \u2013 2024 Registru eviden\u021b\u0103 hot\u0103r\u00e2ri adoptate de consiliul local al comunei C\u0103pleni, jude\u021bul Satu Mare \u2013 2023 Registru eviden\u021b\u0103 hot\u0103r\u00e2ri adoptate de Consiliul Local al comunei C\u0103pleni, [&hellip;]<\/p>\n","protected":false},"author":1,"featured_media":0,"parent":0,"menu_order":0,"comment_status":"closed","ping_status":"closed","template":"","meta":{"footnotes":""},"class_list":["post-875","page","type-page","status-publish"],"_links":{"self":[{"href":"https:\/\/capleni.ro\/index.php?rest_route=\/wp\/v2\/pages\/875","targetHints":{"allow":["GET"]}}],"collection":[{"href":"https:\/\/capleni.ro\/index.php?rest_route=\/wp\/v2\/pages"}],"about":[{"href":"https:\/\/capleni.ro\/index.php?rest_route=\/wp\/v2\/types\/page"}],"author":[{"embeddable":true,"href":"https:\/\/capleni.ro\/index.php?rest_route=\/wp\/v2\/users\/1"}],"replies":[{"embeddable":true,"href":"https:\/\/capleni.ro\/index.php?rest_route=%2Fwp%2Fv2%2Fcomments&post=875"}],"version-history":[{"count":4,"href":"https:\/\/capleni.ro\/index.php?rest_route=\/wp\/v2\/pages\/875\/revisions"}],"predecessor-version":[{"id":4602,"href":"https:\/\/capleni.ro\/index.php?rest_route=\/wp\/v2\/pages\/875\/revisions\/4602"}],"wp:attachment":[{"href":"https:\/\/capleni.ro\/index.php?rest_route=%2Fwp%2Fv2%2Fmedia&parent=875"}],"curies":[{"name":"wp","href":"https:\/\/api.w.org\/{rel}","templated":true}]}}