{"id":899,"date":"2025-03-05T06:08:05","date_gmt":"2025-03-05T06:08:05","guid":{"rendered":"https:\/\/capleni.ro\/?page_id=899"},"modified":"2025-06-05T11:50:22","modified_gmt":"2025-06-05T09:50:22","slug":"urbanism","status":"publish","type":"page","link":"https:\/\/capleni.ro\/?page_id=899","title":{"rendered":"Urbanism"},"content":{"rendered":"<p lang=\"hu-HU\"><a href=\"https:\/\/capleni.ro\/wp-content\/uploads\/2025\/06\/CU-SITUATIE-ACTUALIZATA-LA-DATA-DE-31-05-2025.pdf\" target=\"_blank\" rel=\"noopener\"><span lang=\"ro-RO\">Certificate de Urbanism eliberate 2025<\/span><\/a><\/p>\n<p lang=\"hu-HU\"><a href=\"https:\/\/capleni.ro\/wp-content\/uploads\/2025\/06\/AC-SITUATIE-ACTUALIZATA-LA-DATA-DE-31-05-2025.pdf\" target=\"_blank\" rel=\"noopener\"><span lang=\"ro-RO\">Autoriza\u021bii de Construire eliberate 2025<\/span><\/a><\/p>\n<p><a href=\"https:\/\/capleni.ro\/wp-content\/uploads\/2025\/04\/ACORD-AUTORIZATIE.pdf\" target=\"_blank\" rel=\"noopener\">Regulament privind eliberarea acordului administratorului drumului necesar lucr\u0103rilor de bran\u0219amente \u0219i racorduri executate pe domeniul public al comunei C\u0103pleni la infrastructura tehnico-edilitar\u0103 existent\u0103 in zon\u0103, conform art.11, alin7, lit. e), din Legea 50\/1991 privind autorizarea execut\u0103rii lucr\u0103rilor de construc\u021bii, cu modific\u0103rile \u0219i complet\u0103rile ulterioare<\/a><\/p>\n<p><a href=\"https:\/\/capleni.ro\/wp-content\/uploads\/2025\/04\/CERERE.pdf\" target=\"_blank\" rel=\"noopener\">Cerere pentru emiterea Acordului Administratorului Drumului<\/a><\/p>\n<p><a href=\"https:\/\/capleni.ro\/wp-content\/uploads\/2025\/04\/REGULAMENT.pdf\" target=\"_blank\" rel=\"noopener\">Acord\/autorizatie administrator drum public<\/a><\/p>\n<p><a href=\"https:\/\/capleni.ro\/wp-content\/uploads\/2025\/06\/F1_CERERE_CERTIFICAT_DE_URBANISM.pdf\" target=\"_blank\" rel=\"noopener\">Cerere pentru emiterea certificatului de urbanism<\/a><\/p>\n<p><a href=\"https:\/\/capleni.ro\/wp-content\/uploads\/2025\/06\/F7_CERERE_PRELUNGIRE_CU.pdf\" target=\"_blank\" rel=\"noopener\">Cerere pentru prelungirea valabilit\u0103\u0163ii certificatului de urbanism<\/a><\/p>\n<p><a href=\"https:\/\/capleni.ro\/wp-content\/uploads\/2025\/06\/F8_CERERE_AUTORIZATIE_DE_CONSTRUIRE_.pdf\" target=\"_blank\" rel=\"noopener\">Cerere pentru emiterea autoriza\u0163iei de construire\/desfiin\u0163are<\/a><\/p>\n<p><a href=\"https:\/\/capleni.ro\/wp-content\/uploads\/2025\/06\/F12_CERERE_PRELUNGIRE_AC.pdf\" target=\"_blank\" rel=\"noopener\">Cerere pentru prelungirea valabilit\u0103\u0163ii autoriza\u0163iei de construire\/desfiin\u0163are<\/a><\/p>\n<p><a href=\"https:\/\/capleni.ro\/wp-content\/uploads\/2025\/06\/F13_COMUNICARE_INCEPERE_LUCRARI_LA_EMITENT.pdf\" target=\"_blank\" rel=\"noopener\">Comunicare privind \u00eenceperea execu\u0163iei lucr\u0103rilor<\/a><\/p>\n<p><a href=\"https:\/\/capleni.ro\/wp-content\/uploads\/2025\/06\/F15_COMUNICARE_INCHEIERE_LUCRARI_LA_EMITENT.pdf\" target=\"_blank\" rel=\"noopener\">Comunicare privind \u00eencheierea execu\u0163iei lucr\u0103rilor<\/a><\/p>\n<p><a href=\"https:\/\/capleni.ro\/wp-content\/uploads\/2025\/06\/declaratie-ANEXA-43-URES.pdf\" target=\"_blank\" rel=\"noopener\">Declara\u021bia privind valoarea real\u0103 a lucr\u0103rilor executate in baza autoriza\u021biei de construire<\/a><\/p>\n","protected":false},"excerpt":{"rendered":"<p>Certificate de Urbanism eliberate 2025 Autoriza\u021bii de Construire eliberate 2025 Regulament privind eliberarea acordului administratorului drumului necesar lucr\u0103rilor de bran\u0219amente \u0219i racorduri executate pe domeniul public al comunei C\u0103pleni la infrastructura tehnico-edilitar\u0103 existent\u0103 in zon\u0103, conform art.11, alin7, lit. e), din Legea 50\/1991 privind autorizarea execut\u0103rii lucr\u0103rilor de construc\u021bii, cu modific\u0103rile \u0219i complet\u0103rile ulterioare Cerere [&hellip;]<\/p>\n","protected":false},"author":1,"featured_media":0,"parent":0,"menu_order":0,"comment_status":"closed","ping_status":"closed","template":"","meta":{"footnotes":""},"class_list":["post-899","page","type-page","status-publish"],"_links":{"self":[{"href":"https:\/\/capleni.ro\/index.php?rest_route=\/wp\/v2\/pages\/899","targetHints":{"allow":["GET"]}}],"collection":[{"href":"https:\/\/capleni.ro\/index.php?rest_route=\/wp\/v2\/pages"}],"about":[{"href":"https:\/\/capleni.ro\/index.php?rest_route=\/wp\/v2\/types\/page"}],"author":[{"embeddable":true,"href":"https:\/\/capleni.ro\/index.php?rest_route=\/wp\/v2\/users\/1"}],"replies":[{"embeddable":true,"href":"https:\/\/capleni.ro\/index.php?rest_route=%2Fwp%2Fv2%2Fcomments&post=899"}],"version-history":[{"count":5,"href":"https:\/\/capleni.ro\/index.php?rest_route=\/wp\/v2\/pages\/899\/revisions"}],"predecessor-version":[{"id":4303,"href":"https:\/\/capleni.ro\/index.php?rest_route=\/wp\/v2\/pages\/899\/revisions\/4303"}],"wp:attachment":[{"href":"https:\/\/capleni.ro\/index.php?rest_route=%2Fwp%2Fv2%2Fmedia&parent=899"}],"curies":[{"name":"wp","href":"https:\/\/api.w.org\/{rel}","templated":true}]}}